{"id":39,"date":"2024-11-21T08:48:52","date_gmt":"2024-11-21T08:48:52","guid":{"rendered":"https:\/\/tecnomac.site\/?page_id=39"},"modified":"2025-09-30T11:04:10","modified_gmt":"2025-09-30T11:04:10","slug":"inicio","status":"publish","type":"page","link":"https:\/\/tecnomac.site\/pt\/","title":{"rendered":"In\u00edcio"},"content":{"rendered":"<p>[et_pb_section fb_built=\u00bb1&#8243; fullwidth=\u00bbon\u00bb _builder_version=\u00bb4.27.2&#8243; _module_preset=\u00bbdefault\u00bb background_video_mp4=\u00bbhttps:\/\/tecnomac.site\/wp-content\/uploads\/2024\/12\/197486-905015022_small.mp4&#8243; custom_margin=\u00bb||||false|false\u00bb custom_padding=\u00bb||||false|false\u00bb global_colors_info=\u00bb{}\u00bb][et_pb_fullwidth_header title=\u00bbConectando islas,\u00bb subhead=\u00bbImpulsando futuro\u00bb header_fullscreen=\u00bbon\u00bb header_scroll_down=\u00bbon\u00bb scroll_down_icon=\u00bb%%8%%\u00bb scroll_down_icon_size=\u00bb36px\u00bb button_one_text=\u00bbConoce m\u00e1s\u00bb button_one_url=\u00bb@ET-DC@eyJkeW5hbWljIjp0cnVlLCJjb250ZW50IjoicG9zdF9saW5rX3VybF9wYWdlIiwic2V0dGluZ3MiOnsicG9zdF9pZCI6IjUyIn19@\u00bb _builder_version=\u00bb4.27.2&#8243; _dynamic_attributes=\u00bbbutton_one_url\u00bb _module_preset=\u00bbdefault\u00bb title_level=\u00bbh2&#8243; title_font_size=\u00bb71px\u00bb content_font=\u00bb||||||||\u00bb content_line_height=\u00bb1.9em\u00bb subhead_font=\u00bbJaguar||||||||\u00bb subhead_font_size=\u00bb71px\u00bb subhead_line_height=\u00bb1.1em\u00bb background_color=\u00bbrgba(0,12,38,0.84)\u00bb background_enable_video_mp4=\u00bboff\u00bb custom_margin=\u00bb||||false|false\u00bb custom_padding=\u00bb|40%||3%|false|false\u00bb custom_padding_tablet=\u00bb|40%||3%|false|false\u00bb custom_padding_phone=\u00bb|0%||0%|false|false\u00bb custom_padding_last_edited=\u00bbon|phone\u00bb title_font_size_tablet=\u00bb71px\u00bb title_font_size_phone=\u00bb50px\u00bb title_font_size_last_edited=\u00bbon|phone\u00bb subhead_font_size_tablet=\u00bb71px\u00bb subhead_font_size_phone=\u00bb50px\u00bb subhead_font_size_last_edited=\u00bbon|phone\u00bb text_shadow_style=\u00bbpreset2&#8243; global_colors_info=\u00bb{}\u00bb]<\/p>\n<p><em>Promovemos a seguran\u00e7a e a qualidade nos sectores agroalimentar, da sa\u00fade e do turismo atrav\u00e9s da inova\u00e7\u00e3o e da colabora\u00e7\u00e3o entre a regi\u00e3o da Macaron\u00e9sia e os pa\u00edses africanos.<\/em><\/p>\n<p>[\/et_pb_fullwidth_header][\/et_pb_section][et_pb_section fb_built=\u00bb1&#8243; _builder_version=\u00bb4.27.2&#8243; _module_preset=\u00bbdefault\u00bb background_image=\u00bbhttps:\/\/tecnomac.site\/wp-content\/uploads\/2024\/12\/Group-1582.png\u00bb background_size=\u00bbcustom\u00bb background_image_height=\u00bb70%\u00bb background_position=\u00bbbottom_left\u00bb global_colors_info=\u00bb{}\u00bb][et_pb_row column_structure=\u00bb1_3,2_3&#8243; _builder_version=\u00bb4.27.2&#8243; _module_preset=\u00bbdefault\u00bb max_width=\u00bb2560px\u00bb global_colors_info=\u00bb{}\u00bb][et_pb_column type=\u00bb1_3&#8243; _builder_version=\u00bb4.27.2&#8243; _module_preset=\u00bbdefault\u00bb global_colors_info=\u00bb{}\u00bb][\/et_pb_column][et_pb_column type=\u00bb2_3&#8243; _builder_version=\u00bb4.27.2&#8243; _module_preset=\u00bbdefault\u00bb global_colors_info=\u00bb{}\u00bb][et_pb_divider show_divider=\u00bboff\u00bb disabled_on=\u00bbon|off|off\u00bb _builder_version=\u00bb4.27.2&#8243; _module_preset=\u00bbdefault\u00bb width=\u00bb100%\u00bb max_width=\u00bb100%\u00bb height=\u00bb100px\u00bb global_colors_info=\u00bb{}\u00bb][\/et_pb_divider][et_pb_text _builder_version=\u00bb4.27.2&#8243; _module_preset=\u00bbdefault\u00bb text_font=\u00bbArchivo||||||||\u00bb header_font=\u00bbJaguar||||||||\u00bb global_colors_info=\u00bb{}\u00bb]<\/p>\n<h1>Resumo do projeto<\/h1>\n<p><em>Uma abordagem hol\u00edstica para preservar o nosso ambiente e promover o desenvolvimento sustent\u00e1vel.<\/em><\/p>\n<p><strong>TecnoMac<\/strong>\u00a0\u00e9 um projeto de coopera\u00e7\u00e3o internacional no \u00e2mbito do programa <strong>Interreg MAC<\/strong>, cujo principal objetivo \u00e9 desenvolver tecnologias inovadoras para a dete\u00e7\u00e3o de <strong>agentes patog\u00e9nicos e outros riscos alimentares<\/strong>. Este esfor\u00e7o procura refor\u00e7ar a <strong>seguran\u00e7a alimentar<\/strong> e a <strong>sa\u00fade p\u00fablica<\/strong> na regi\u00e3o da Macaron\u00e9sia e nos pa\u00edses parceiros, contribuindo para o desenvolvimento sustent\u00e1vel e o bem-estar das suas comunidades. O projeto re\u00fane institui\u00e7\u00f5es acad\u00e9micas, laborat\u00f3rios de investiga\u00e7\u00e3o e parceiros industriais para abordar desafios comuns no controlo de qualidade e na tecnologia agroalimentar.<\/p>\n<p>Liderado pela <strong>Universidade de La Laguna (ULL)<\/strong> e apoiado por parceiros-chave como o <strong>Instituto de Produtos Naturais e Agrobiologia (IPNA-CSIC)<\/strong>, a <strong>Fundaci\u00f3n General Universidad de La Laguna (FGULL)<\/strong>e entidades de Cabo Verde e S\u00e3o Tom\u00e9 e Pr\u00edncipe, o TecnoMac articula-se atrav\u00e9s de uma colabora\u00e7\u00e3o multidisciplinar. Ao longo do projeto ser\u00e3o desenvolvidas e validadas metodologias avan\u00e7adas para a identifica\u00e7\u00e3o de riscos microbiol\u00f3gicos e qu\u00edmicos nos alimentos, proporcionando solu\u00e7\u00f5es inovadoras e pr\u00e1ticas para o controlo de qualidade e seguran\u00e7a na cadeia agroalimentar.<\/p>\n<p>Al\u00e9m disso, a TecnoMac est\u00e1 empenhada na <strong>transfer\u00eancia de conhecimento<\/strong> e a <strong>divulga\u00e7\u00e3o cient\u00edfica<\/strong>, com ac\u00e7\u00f5es que visam a forma\u00e7\u00e3o, sensibiliza\u00e7\u00e3o e divulga\u00e7\u00e3o de resultados. Atrav\u00e9s de eventos, materiais de divulga\u00e7\u00e3o e implementa\u00e7\u00e3o de ferramentas tecnol\u00f3gicas, o projeto procura gerar um impacto positivo na comunidade cient\u00edfica, no sector agroalimentar e na sociedade em geral, consolidando a coopera\u00e7\u00e3o internacional entre as regi\u00f5es participantes e promovendo a inova\u00e7\u00e3o na regi\u00e3o da Macaron\u00e9sia.<\/p>\n<p>[\/et_pb_text][et_pb_divider show_divider=\u00bboff\u00bb disabled_on=\u00bbon|off|off\u00bb _builder_version=\u00bb4.27.2&#8243; _module_preset=\u00bbdefault\u00bb height=\u00bb100px\u00bb global_colors_info=\u00bb{}\u00bb][\/et_pb_divider][\/et_pb_column][\/et_pb_row][\/et_pb_section][et_pb_section fb_built=\u00bb1&#8243; _builder_version=\u00bb4.27.2&#8243; _module_preset=\u00bbdefault\u00bb background_enable_color=\u00bboff\u00bb background_image=\u00bbhttps:\/\/tecnomac.site\/wp-content\/uploads\/2024\/12\/analysis-2030265_1920.jpg\u00bb parallax=\u00bbon\u00bb parallax_method=\u00bboff\u00bb background_blend=\u00bbsoft-light\u00bb background_enable_video_mp4=\u00bboff\u00bb allow_player_pause=\u00bbon\u00bb global_colors_info=\u00bb{}\u00bb][et_pb_row _builder_version=\u00bb4.27.2&#8243; _module_preset=\u00bbdefault\u00bb global_colors_info=\u00bb{}\u00bb][et_pb_column type=\u00bb4_4&#8243; _builder_version=\u00bb4.27.2&#8243; _module_preset=\u00bbdefault\u00bb global_colors_info=\u00bb{}\u00bb][et_pb_divider show_divider=\u00bboff\u00bb _builder_version=\u00bb4.27.2&#8243; _module_preset=\u00bbdefault\u00bb height=\u00bb200px\u00bb global_colors_info=\u00bb{}\u00bb][\/et_pb_divider][\/et_pb_column][\/et_pb_row][\/et_pb_section][et_pb_section fb_built=\u00bb1&#8243; _builder_version=\u00bb4.27.2&#8243; _module_preset=\u00bbdefault\u00bb global_colors_info=\u00bb{}\u00bb][et_pb_row _builder_version=\u00bb4.27.2&#8243; _module_preset=\u00bbdefault\u00bb global_colors_info=\u00bb{}\u00bb][et_pb_column type=\u00bb4_4&#8243; _builder_version=\u00bb4.27.2&#8243; _module_preset=\u00bbdefault\u00bb global_colors_info=\u00bb{}\u00bb][et_pb_divider show_divider=\u00bboff\u00bb _builder_version=\u00bb4.27.2&#8243; _module_preset=\u00bbdefault\u00bb height=\u00bb100px\u00bb global_colors_info=\u00bb{}\u00bb][\/et_pb_divider][et_pb_text _builder_version=\u00bb4.27.2&#8243; _module_preset=\u00bbdefault\u00bb global_colors_info=\u00bb{}\u00bb]<\/p>\n<h2>Objectivos<\/h2>\n<p>A\u00e7\u00e3o cient\u00edfica e social para fazer a diferen\u00e7a.<\/p>\n<p>[\/et_pb_text][\/et_pb_column][\/et_pb_row][et_pb_row column_structure=\u00bb1_3,1_3,1_3&#8243; _builder_version=\u00bb4.27.2&#8243; _module_preset=\u00bbdefault\u00bb global_colors_info=\u00bb{}\u00bb][et_pb_column type=\u00bb1_3&#8243; _builder_version=\u00bb4.27.2&#8243; _module_preset=\u00bbdefault\u00bb global_colors_info=\u00bb{}\u00bb][et_pb_blurb title=\u00bbObjetivo 1&#8243; image=\u00bbhttps:\/\/tecnomac.site\/wp-content\/uploads\/2024\/12\/agua-contaminada.png\u00bb image_icon_width=\u00bb38%\u00bb icon_alignment=\u00bbleft\u00bb _builder_version=\u00bb4.27.2&#8243; _module_preset=\u00bbdefault\u00bb header_font_size=\u00bb18px\u00bb global_colors_info=\u00bb{}\u00bb]<\/p>\n<p>Desenvolvimento e transfer\u00eancia de metodologias para a dete\u00e7\u00e3o de contaminantes emergentes, marcadores de qualidade agroalimentar e agentes patog\u00e9nicos humanos\/animais de interesse para a inova\u00e7\u00e3o nos sectores agroalimentar e da sa\u00fade.<\/p>\n<p>[\/et_pb_blurb][\/et_pb_column][et_pb_column type=\u00bb1_3&#8243; _builder_version=\u00bb4.27.2&#8243; _module_preset=\u00bbdefault\u00bb global_colors_info=\u00bb{}\u00bb][et_pb_blurb title=\u00bbObjetivo 2&#8243; image=\u00bbhttps:\/\/tecnomac.site\/wp-content\/uploads\/2024\/12\/vuelo.png\u00bb image_icon_width=\u00bb38%\u00bb icon_alignment=\u00bbleft\u00bb _builder_version=\u00bb4.27.2&#8243; _module_preset=\u00bbdefault\u00bb global_colors_info=\u00bb{}\u00bb]<\/p>\n<p>Desenvolvimento, forma\u00e7\u00e3o e sensibiliza\u00e7\u00e3o sobre contaminantes emergentes, marcadores de qualidade agroalimentar e agentes patog\u00e9nicos humanos\/animais de interesse para a inova\u00e7\u00e3o nos sectores agroalimentar, da sa\u00fade e do turismo nas Ilhas Can\u00e1rias e em S\u00e3o Tom\u00e9 e Pr\u00edncipe.<\/p>\n<p>[\/et_pb_blurb][\/et_pb_column][et_pb_column type=\u00bb1_3&#8243; _builder_version=\u00bb4.27.2&#8243; _module_preset=\u00bbdefault\u00bb global_colors_info=\u00bb{}\u00bb][et_pb_blurb title=\u00bbObjetivo 3&#8243; image=\u00bbhttps:\/\/tecnomac.site\/wp-content\/uploads\/2024\/12\/matraz.png\u00bb image_icon_width=\u00bb38%\u00bb icon_alignment=\u00bbleft\u00bb _builder_version=\u00bb4.27.2&#8243; _module_preset=\u00bbdefault\u00bb global_colors_info=\u00bb{}\u00bb]<\/p>\n<p>Desenvolvimento, forma\u00e7\u00e3o e sensibiliza\u00e7\u00e3o sobre contaminantes emergentes, marcadores de qualidade agroalimentar e agentes patog\u00e9nicos humanos\/animais de interesse para a inova\u00e7\u00e3o nos sectores agroalimentar, sa\u00fade e turismo nas Ilhas Can\u00e1rias e S\u00e3o Tom\u00e9 e Pr\u00edncipe.<\/p>\n<p>[\/et_pb_blurb][\/et_pb_column][\/et_pb_row][\/et_pb_section][et_pb_section fb_built=\u00bb1&#8243; _builder_version=\u00bb4.27.2&#8243; _module_preset=\u00bbdefault\u00bb background_image=\u00bbhttps:\/\/tecnomac.site\/wp-content\/uploads\/2024\/12\/archipielagos.png\u00bb background_size=\u00bbcontain\u00bb background_position=\u00bbcenter_right\u00bb background_horizontal_offset=\u00bb5%\u00bb custom_margin=\u00bb||100px||false|false\u00bb custom_padding=\u00bb||||false|false\u00bb background_last_edited=\u00bbon|phone\u00bb background_enable_image_phone=\u00bboff\u00bb global_colors_info=\u00bb{}\u00bb][et_pb_row _builder_version=\u00bb4.27.2&#8243; _module_preset=\u00bbdefault\u00bb background_enable_image=\u00bboff\u00bb global_colors_info=\u00bb{}\u00bb][et_pb_column type=\u00bb4_4&#8243; _builder_version=\u00bb4.27.2&#8243; _module_preset=\u00bbdefault\u00bb global_colors_info=\u00bb{}\u00bb][et_pb_divider show_divider=\u00bboff\u00bb disabled_on=\u00bbon|off|off\u00bb _builder_version=\u00bb4.27.2&#8243; _module_preset=\u00bbdefault\u00bb height=\u00bb100px\u00bb global_colors_info=\u00bb{}\u00bb][\/et_pb_divider][et_pb_image src=\u00bbhttps:\/\/tecnomac.site\/wp-content\/uploads\/2024\/12\/archipielagos.png\u00bb title_text=\u00bbarchipielagos\u00bb disabled_on=\u00bboff|on|on\u00bb _builder_version=\u00bb4.27.2&#8243; _module_preset=\u00bbdefault\u00bb global_colors_info=\u00bb{}\u00bb][\/et_pb_image][et_pb_text _builder_version=\u00bb4.27.2&#8243; _module_preset=\u00bbdefault\u00bb text_orientation=\u00bbcenter\u00bb global_colors_info=\u00bb{}\u00bb]<\/p>\n<h2>Uma alian\u00e7a internacional que combina experi\u00eancia e compromisso.<\/h2>\n<p>Uma alian\u00e7a internacional que combina experi\u00eancia e empenhamento.<\/p>\n<p>[\/et_pb_text][\/et_pb_column][\/et_pb_row][et_pb_row disabled_on=\u00bbon|on|off\u00bb module_class=\u00bbsiete-columnas\u00bb _builder_version=\u00bb4.27.2&#8243; _module_preset=\u00bbdefault\u00bb max_width=\u00bb2560px\u00bb module_alignment=\u00bbcenter\u00bb global_colors_info=\u00bb{}\u00bb][et_pb_column type=\u00bb4_4&#8243; _builder_version=\u00bb4.27.2&#8243; _module_preset=\u00bbdefault\u00bb global_colors_info=\u00bb{}\u00bb][et_pb_image src=\u00bbhttps:\/\/tecnomac.site\/wp-content\/uploads\/2024\/11\/Marca-Universidad-de-La-Laguna_RGB.png\u00bb title_text=\u00bbMarca-Universidad-de-La-Laguna_RGB\u00bb url=\u00bbhttps:\/\/www.ull.es\/\u00bb url_new_window=\u00bbon\u00bb _builder_version=\u00bb4.27.2&#8243; _module_preset=\u00bbdefault\u00bb global_colors_info=\u00bb{}\u00bb][\/et_pb_image][et_pb_image src=\u00bbhttps:\/\/tecnomac.site\/wp-content\/uploads\/2024\/11\/cc3a753820e27e40485d1351c1a86c95_logo_simplificado.png\u00bb title_text=\u00bbcc3a753820e27e40485d1351c1a86c95_logo_simplificado\u00bb url=\u00bbhttps:\/\/ipna.csic.es\/\u00bb url_new_window=\u00bbon\u00bb _builder_version=\u00bb4.27.2&#8243; _module_preset=\u00bbdefault\u00bb width=\u00bb100%\u00bb max_width=\u00bb12%\u00bb custom_padding=\u00bb12px|15px||15px|false|false\u00bb global_colors_info=\u00bb{}\u00bb][\/et_pb_image][et_pb_image src=\u00bbhttps:\/\/tecnomac.site\/wp-content\/uploads\/2024\/12\/FGULL_COLOR.png\u00bb title_text=\u00bbFGULL_COLOR\u00bb url=\u00bbhttps:\/\/fg.ull.es\/\u00bb url_new_window=\u00bbon\u00bb _builder_version=\u00bb4.27.2&#8243; _module_preset=\u00bbdefault\u00bb max_width=\u00bb100%\u00bb custom_padding=\u00bb28px|15px||15px|false|false\u00bb global_colors_info=\u00bb{}\u00bb][\/et_pb_image][et_pb_image src=\u00bbhttps:\/\/tecnomac.site\/wp-content\/uploads\/2024\/11\/Laboratorio-Valladares.png\u00bb title_text=\u00bbLaboratorio Valladares\u00bb url=\u00bbhttps:\/\/laboratoriotenerife.com\/\u00bb url_new_window=\u00bbon\u00bb _builder_version=\u00bb4.27.2&#8243; _module_preset=\u00bbdefault\u00bb custom_padding=\u00bb10px|15px||15px|false|false\u00bb global_colors_info=\u00bb{}\u00bb][\/et_pb_image][et_pb_image src=\u00bbhttps:\/\/tecnomac.site\/wp-content\/uploads\/2025\/02\/logotipo_unicv_final-01.png\u00bb title_text=\u00bblogotipo_unicv_final-01&#8243; url=\u00bbhttps:\/\/www.unicv.edu.cv\/pt\/\u00bb url_new_window=\u00bbon\u00bb _builder_version=\u00bb4.27.2&#8243; _module_preset=\u00bbdefault\u00bb width=\u00bb100%\u00bb custom_padding=\u00bb20px|50px||50px|false|false\u00bb global_colors_info=\u00bb{}\u00bb][\/et_pb_image][et_pb_image src=\u00bbhttps:\/\/tecnomac.site\/wp-content\/uploads\/2025\/07\/ISCSVSM.png\u00bb title_text=\u00bbISCSVSM\u00bb url=\u00bbhttps:\/\/www.ustp-edu-st.com\/\u00bb url_new_window=\u00bbon\u00bb _builder_version=\u00bb4.27.2&#8243; _module_preset=\u00bbdefault\u00bb custom_margin=\u00bb-4px||||false|false\u00bb custom_padding=\u00bb|||5px|false|false\u00bb global_colors_info=\u00bb{}\u00bb][\/et_pb_image][et_pb_image src=\u00bbhttps:\/\/tecnomac.site\/wp-content\/uploads\/2024\/11\/tec-Logo-si.png\u00bb title_text=\u00bbtec-Logo-si\u00bb url=\u00bbhttps:\/\/tindustria.com\/\u00bb url_new_window=\u00bbon\u00bb _builder_version=\u00bb4.27.2&#8243; _module_preset=\u00bbdefault\u00bb max_width=\u00bb11%\u00bb custom_padding=\u00bb10px|15px||15px|false|false\u00bb global_colors_info=\u00bb{}\u00bb][\/et_pb_image][\/et_pb_column][\/et_pb_row][et_pb_row disabled_on=\u00bboff|off|on\u00bb _builder_version=\u00bb4.27.2&#8243; _module_preset=\u00bbdefault\u00bb max_width=\u00bb2560px\u00bb module_alignment=\u00bbcenter\u00bb global_colors_info=\u00bb{}\u00bb][et_pb_column type=\u00bb4_4&#8243; _builder_version=\u00bb4.27.2&#8243; _module_preset=\u00bbdefault\u00bb global_colors_info=\u00bb{}\u00bb][et_pb_image src=\u00bbhttps:\/\/tecnomac.site\/wp-content\/uploads\/2024\/11\/Marca-Universidad-de-La-Laguna_RGB.png\u00bb title_text=\u00bbMarca-Universidad-de-La-Laguna_RGB\u00bb url=\u00bbhttps:\/\/www.ull.es\/\u00bb url_new_window=\u00bbon\u00bb _builder_version=\u00bb4.27.2&#8243; _module_preset=\u00bbdefault\u00bb custom_margin=\u00bb||-10px||false|false\u00bb global_colors_info=\u00bb{}\u00bb][\/et_pb_image][et_pb_image src=\u00bbhttps:\/\/tecnomac.site\/wp-content\/uploads\/2024\/11\/cc3a753820e27e40485d1351c1a86c95_logo_simplificado.png\u00bb title_text=\u00bbcc3a753820e27e40485d1351c1a86c95_logo_simplificado\u00bb url=\u00bbhttps:\/\/ipna.csic.es\/\u00bb url_new_window=\u00bbon\u00bb _builder_version=\u00bb4.27.2&#8243; _module_preset=\u00bbdefault\u00bb width=\u00bb100%\u00bb max_width=\u00bb81%\u00bb module_alignment=\u00bbcenter\u00bb custom_padding=\u00bb12px|15px||15px|false|false\u00bb global_colors_info=\u00bb{}\u00bb][\/et_pb_image][et_pb_image src=\u00bbhttps:\/\/tecnomac.site\/wp-content\/uploads\/2024\/12\/FGULL_COLOR.png\u00bb title_text=\u00bbFGULL_COLOR\u00bb url=\u00bbhttps:\/\/fg.ull.es\/\u00bb url_new_window=\u00bbon\u00bb align=\u00bbcenter\u00bb _builder_version=\u00bb4.27.2&#8243; _module_preset=\u00bbdefault\u00bb max_width=\u00bb80%\u00bb custom_padding=\u00bb28px|15px||15px|false|false\u00bb global_colors_info=\u00bb{}\u00bb][\/et_pb_image][et_pb_image src=\u00bbhttps:\/\/tecnomac.site\/wp-content\/uploads\/2024\/11\/Laboratorio-Valladares.png\u00bb title_text=\u00bbLaboratorio Valladares\u00bb url=\u00bbhttps:\/\/laboratoriotenerife.com\/\u00bb url_new_window=\u00bbon\u00bb _builder_version=\u00bb4.27.2&#8243; _module_preset=\u00bbdefault\u00bb max_width=\u00bb84%\u00bb module_alignment=\u00bbcenter\u00bb custom_padding=\u00bb10px|15px||15px|false|false\u00bb global_colors_info=\u00bb{}\u00bb][\/et_pb_image][et_pb_image src=\u00bbhttps:\/\/tecnomac.site\/wp-content\/uploads\/2025\/02\/logotipo_unicv_final-01.png\u00bb title_text=\u00bblogotipo_unicv_final-01&#8243; url=\u00bbhttps:\/\/www.unicv.edu.cv\/pt\/\u00bb url_new_window=\u00bbon\u00bb _builder_version=\u00bb4.27.2&#8243; _module_preset=\u00bbdefault\u00bb max_width=\u00bb80%\u00bb max_width_tablet=\u00bb80%\u00bb max_width_phone=\u00bb66%\u00bb max_width_last_edited=\u00bbon|phone\u00bb module_alignment=\u00bbcenter\u00bb custom_padding=\u00bb15px|15px||15px|false|false\u00bb global_colors_info=\u00bb{}\u00bb][\/et_pb_image][et_pb_image src=\u00bbhttps:\/\/tecnomac.site\/wp-content\/uploads\/2025\/07\/ISCSVSM.png\u00bb title_text=\u00bbISCSVSM\u00bb url=\u00bbhttps:\/\/www.ustp-edu-st.com\/\u00bb url_new_window=\u00bbon\u00bb _builder_version=\u00bb4.27.2&#8243; _module_preset=\u00bbdefault\u00bb max_width=\u00bb93%\u00bb module_alignment=\u00bbcenter\u00bb custom_margin=\u00bb-4px||||false|false\u00bb custom_padding=\u00bb|||5px|false|false\u00bb global_colors_info=\u00bb{}\u00bb][\/et_pb_image][et_pb_image src=\u00bbhttps:\/\/tecnomac.site\/wp-content\/uploads\/2024\/11\/tec-Logo-si.png\u00bb title_text=\u00bbtec-Logo-si\u00bb url=\u00bbhttps:\/\/tindustria.com\/\u00bb url_new_window=\u00bbon\u00bb _builder_version=\u00bb4.27.2&#8243; _module_preset=\u00bbdefault\u00bb max_width=\u00bb75%\u00bb module_alignment=\u00bbcenter\u00bb custom_margin=\u00bb-10px||||false|false\u00bb custom_padding=\u00bb|15px||15px|false|false\u00bb global_colors_info=\u00bb{}\u00bb][\/et_pb_image][\/et_pb_column][\/et_pb_row][\/et_pb_section][et_pb_section fb_built=\u00bb1&#8243; _builder_version=\u00bb4.27.2&#8243; _module_preset=\u00bbdefault\u00bb background_color=\u00bb#000c26&#8243; global_colors_info=\u00bb{}\u00bb][et_pb_row _builder_version=\u00bb4.27.2&#8243; _module_preset=\u00bbdefault\u00bb global_colors_info=\u00bb{}\u00bb][et_pb_column type=\u00bb4_4&#8243; _builder_version=\u00bb4.27.2&#8243; _module_preset=\u00bbdefault\u00bb global_colors_info=\u00bb{}\u00bb][et_pb_text _builder_version=\u00bb4.27.2&#8243; _module_preset=\u00bbdefault\u00bb text_text_color=\u00bb#FFFFFF\u00bb header_text_color=\u00bb#FFFFFF\u00bb header_2_text_color=\u00bb#FFFFFF\u00bb global_colors_info=\u00bb{}\u00bb]<\/p>\n<h2>Not\u00edcias e recursos<\/h2>\n<p>Dizemos-lhe o que est\u00e1 a ser gerado no projeto.<\/p>\n<p>[\/et_pb_text][et_pb_portfolio fullwidth=\u00bboff\u00bb posts_number=\u00bb4&#8243; include_categories=\u00bball\u00bb show_pagination=\u00bboff\u00bb _builder_version=\u00bb4.27.2&#8243; _module_preset=\u00bbdefault\u00bb title_text_color=\u00bb#FFFFFF\u00bb global_colors_info=\u00bb{}\u00bb][\/et_pb_portfolio][et_pb_button button_url=\u00bb@ET-DC@eyJkeW5hbWljIjp0cnVlLCJjb250ZW50IjoicG9zdF9saW5rX3VybF9wYWdlIiwic2V0dGluZ3MiOnsicG9zdF9pZCI6IjU5In19@\u00bb button_text=\u00bbExplora todas las noticias\u00bb button_alignment=\u00bbright\u00bb _builder_version=\u00bb4.27.2&#8243; _dynamic_attributes=\u00bbbutton_url\u00bb _module_preset=\u00bbdefault\u00bb custom_button=\u00bbon\u00bb button_text_color=\u00bb#000000&#8243; button_bg_color=\u00bb#FFFFFF\u00bb global_colors_info=\u00bb{}\u00bb][\/et_pb_button][\/et_pb_column][\/et_pb_row][\/et_pb_section][et_pb_section fb_built=\u00bb1&#8243; _builder_version=\u00bb4.27.2&#8243; _module_preset=\u00bbdefault\u00bb background_color=\u00bb#000c26&#8243; global_module=\u00bb195&#8243; saved_tabs=\u00bball\u00bb global_colors_info=\u00bb{}\u00bb][et_pb_row column_structure=\u00bb1_2,1_2&#8243; _builder_version=\u00bb4.27.2&#8243; _module_preset=\u00bbdefault\u00bb max_width=\u00bb2560px\u00bb global_colors_info=\u00bb{}\u00bb][et_pb_column type=\u00bb1_2&#8243; _builder_version=\u00bb4.27.2&#8243; _module_preset=\u00bbdefault\u00bb global_colors_info=\u00bb{}\u00bb][et_pb_image src=\u00bbhttps:\/\/tecnomac.site\/wp-content\/uploads\/2024\/12\/Logo-Secundario-Blanco.png\u00bb title_text=\u00bbLogo Secundario Blanco\u00bb _builder_version=\u00bb4.27.2&#8243; _module_preset=\u00bbdefault\u00bb width=\u00bb27%\u00bb global_colors_info=\u00bb{}\u00bb][\/et_pb_image][\/et_pb_column][et_pb_column type=\u00bb1_2&#8243; _builder_version=\u00bb4.27.2&#8243; _module_preset=\u00bbdefault\u00bb global_colors_info=\u00bb{}\u00bb][et_pb_text _builder_version=\u00bb4.27.2&#8243; _module_preset=\u00bbdefault\u00bb text_text_color=\u00bb#FFFFFF\u00bb text_orientation=\u00bbright\u00bb custom_margin=\u00bb||18px|||\u00bb global_colors_info=\u00bb{}\u00bb]<\/p>\n<p><a href=\"https:\/\/tecnomac.site\/pt\/proyecto\/\"><span style=\"color: #ffffff;\">NOT\u00cdCIAS\u00a0 \u00a0<\/span><\/a><span style=\"color: #ffffff;\">|\u00a0 \u00a0<a href=\"https:\/\/tecnomac.site\/pt\/noticias\/\" style=\"color: #ffffff;\">NOT\u00cdCIAS<\/a>\u00a0 \u00a0|\u00a0 \u00a0<a href=\"https:\/\/tecnomac.site\/pt\/socios\/\" style=\"color: #ffffff;\">PARCEIROS<\/a><\/span><\/p>\n<p>[\/et_pb_text][et_pb_social_media_follow icon_color=\u00bb#FFFFFF\u00bb _builder_version=\u00bb4.27.2&#8243; _module_preset=\u00bbdefault\u00bb text_orientation=\u00bbright\u00bb custom_margin=\u00bb||17px|||\u00bb global_colors_info=\u00bb{}\u00bb][et_pb_social_media_follow_network social_network=\u00bblinkedin\u00bb url=\u00bbhttps:\/\/www.linkedin.com\/company\/106152289\/\u00bb _builder_version=\u00bb4.27.2&#8243; _module_preset=\u00bbdefault\u00bb background_color=\u00bbRGBA(255,255,255,0)\u00bb background_enable_color=\u00bbon\u00bb global_colors_info=\u00bb{}\u00bb follow_button=\u00bboff\u00bb url_new_window=\u00bbon\u00bb]linkedin[\/et_pb_social_media_follow_network][et_pb_social_media_follow_network social_network=\u00bbtwitter\u00bb url=\u00bbhttps:\/\/x.com\/Tecno_Mac\u00bb _builder_version=\u00bb4.27.2&#8243; _module_preset=\u00bbdefault\u00bb background_enable_color=\u00bboff\u00bb global_colors_info=\u00bb{}\u00bb follow_button=\u00bboff\u00bb url_new_window=\u00bbon\u00bb]X[\/et_pb_social_media_follow_network][\/et_pb_social_media_follow][et_pb_text _builder_version=\u00bb4.27.2&#8243; _module_preset=\u00bbdefault\u00bb text_text_color=\u00bb#FFFFFF\u00bb text_orientation=\u00bbright\u00bb custom_margin=\u00bb-2px||18px|||\u00bb hover_enabled=\u00bb0&#8243; global_colors_info=\u00bb{}\u00bb sticky_enabled=\u00bb0&#8243;]<\/p>\n<p><span style=\"color: #ffffff;\"><a href=\"https:\/\/tecnomac.site\/pt\/privacy-policy\/\" style=\"color: #ffffff;\">POL\u00cdTICA DE PRIVACIDADE<\/a>\u00a0 \u00a0|\u00a0 \u00a0<a href=\"https:\/\/tecnomac.site\/pt\/politica-de-cookies-ue\/\" style=\"color: #ffffff;\"><span style=\"color: #ffffff;\">POL\u00cdTICA <\/span>DE COOKIES<\/a><\/span><\/p>\n<p>[\/et_pb_text][\/et_pb_column][\/et_pb_row][\/et_pb_section]<\/p>","protected":false},"excerpt":{"rendered":"<p>Impulsamos la seguridad y calidad en los sectores agroalimentario, sanitario y tur\u00edstico a trav\u00e9s de la innovaci\u00f3n y la colaboraci\u00f3n entre la regi\u00f3n macaron\u00e9sica y pa\u00edses africanos.Resumen del proyecto Un enfoque integral para preservar nuestro entorno y fomentar el desarrollo sostenible. TecnoMac\u00a0es un proyecto de cooperaci\u00f3n internacional enmarcado dentro del programa Interreg MAC, que tiene [&hellip;]<\/p>","protected":false},"author":2,"featured_media":0,"parent":0,"menu_order":0,"comment_status":"closed","ping_status":"closed","template":"","meta":{"_et_pb_use_builder":"on","_et_pb_old_content":"","_et_gb_content_width":"","_themeisle_gutenberg_block_has_review":false,"footnotes":""},"class_list":["post-39","page","type-page","status-publish","hentry"],"_links":{"self":[{"href":"https:\/\/tecnomac.site\/pt\/wp-json\/wp\/v2\/pages\/39","targetHints":{"allow":["GET"]}}],"collection":[{"href":"https:\/\/tecnomac.site\/pt\/wp-json\/wp\/v2\/pages"}],"about":[{"href":"https:\/\/tecnomac.site\/pt\/wp-json\/wp\/v2\/types\/page"}],"author":[{"embeddable":true,"href":"https:\/\/tecnomac.site\/pt\/wp-json\/wp\/v2\/users\/2"}],"replies":[{"embeddable":true,"href":"https:\/\/tecnomac.site\/pt\/wp-json\/wp\/v2\/comments?post=39"}],"version-history":[{"count":44,"href":"https:\/\/tecnomac.site\/pt\/wp-json\/wp\/v2\/pages\/39\/revisions"}],"predecessor-version":[{"id":485,"href":"https:\/\/tecnomac.site\/pt\/wp-json\/wp\/v2\/pages\/39\/revisions\/485"}],"wp:attachment":[{"href":"https:\/\/tecnomac.site\/pt\/wp-json\/wp\/v2\/media?parent=39"}],"curies":[{"name":"wp","href":"https:\/\/api.w.org\/{rel}","templated":true}]}}