{"id":62,"date":"2024-11-21T09:15:06","date_gmt":"2024-11-21T09:15:06","guid":{"rendered":"https:\/\/tecnomac.site\/?page_id=62"},"modified":"2025-08-01T11:27:30","modified_gmt":"2025-08-01T11:27:30","slug":"socios","status":"publish","type":"page","link":"https:\/\/tecnomac.site\/pt\/socios\/","title":{"rendered":"Parceiros"},"content":{"rendered":"<p>[et_pb_section fb_built=\u00bb1&#8243; disabled_on=\u00bboff|off|off\u00bb _builder_version=\u00bb4.27.2&#8243; _module_preset=\u00bbdefault\u00bb background_enable_video_mp4=\u00bboff\u00bb allow_player_pause=\u00bbon\u00bb custom_margin=\u00bb0px||0px||false|false\u00bb custom_padding=\u00bb0px||0px||false|false\u00bb link_option_url=\u00bb#socios\u00bb global_colors_info=\u00bb{}\u00bb][et_pb_row _builder_version=\u00bb4.27.2&#8243; _module_preset=\u00bbdefault\u00bb width=\u00bb75%\u00bb max_width=\u00bb2560px\u00bb module_alignment=\u00bbcenter\u00bb custom_margin=\u00bb0px||||false|false\u00bb custom_padding=\u00bb0px||3px||false|false\u00bb hover_enabled=\u00bb0&#8243; global_colors_info=\u00bb{}\u00bb width_last_edited=\u00bbon|phone\u00bb sticky_enabled=\u00bb0&#8243; width_phone=\u00bb100%\u00bb width_tablet=\u00bb75%\u00bb][et_pb_column type=\u00bb4_4&#8243; _builder_version=\u00bb4.27.2&#8243; _module_preset=\u00bbdefault\u00bb global_colors_info=\u00bb{}\u00bb][et_pb_video src=\u00bbhttps:\/\/tecnomac.site\/wp-content\/uploads\/2025\/08\/TecnomacAnimacion_5500x3112.mp4&#8243; module_class=\u00bbdm-autoplay-click\u00bb _builder_version=\u00bb4.27.2&#8243; _module_preset=\u00bbdefault\u00bb hover_enabled=\u00bb0&#8243; global_colors_info=\u00bb{}\u00bb title_text=\u00bbTecnomacAnimacion_5500x3112&#8243; sticky_enabled=\u00bb0&#8243;][\/et_pb_video][\/et_pb_column][\/et_pb_row][\/et_pb_section][et_pb_section fb_built=\u00bb1&#8243; fullwidth=\u00bbon\u00bb disabled_on=\u00bbon|on|on\u00bb _builder_version=\u00bb4.27.2&#8243; _module_preset=\u00bbdefault\u00bb background_color=\u00bbrgba(0,12,38,0.64)\u00bb background_image=\u00bbhttps:\/\/tecnomac.site\/wp-content\/uploads\/2024\/12\/analysis-2030265_1920.jpg\u00bb background_position=\u00bbbottom_center\u00bb background_blend=\u00bboverlay\u00bb disabled=\u00bbon\u00bb global_colors_info=\u00bb{}\u00bb][et_pb_fullwidth_header title=\u00bbSocios\u00bb text_orientation=\u00bbcenter\u00bb header_scroll_down=\u00bbon\u00bb scroll_down_icon=\u00bb%%8%%\u00bb scroll_down_icon_size=\u00bb27px\u00bb _builder_version=\u00bb4.27.2&#8243; _module_preset=\u00bbdefault\u00bb background_enable_color=\u00bboff\u00bb custom_padding=\u00bb200px||200px||false|false\u00bb global_colors_info=\u00bb{}\u00bb][\/et_pb_fullwidth_header][\/et_pb_section][et_pb_section fb_built=\u00bb1&#8243; module_id=\u00bbsocios\u00bb _builder_version=\u00bb4.27.2&#8243; _module_preset=\u00bbdefault\u00bb custom_padding=\u00bb||6px|||\u00bb global_colors_info=\u00bb{}\u00bb][et_pb_row _builder_version=\u00bb4.27.2&#8243; _module_preset=\u00bbdefault\u00bb global_colors_info=\u00bb{}\u00bb][et_pb_column type=\u00bb4_4&#8243; _builder_version=\u00bb4.27.2&#8243; _module_preset=\u00bbdefault\u00bb global_colors_info=\u00bb{}\u00bb][et_pb_text _builder_version=\u00bb4.27.2&#8243; _module_preset=\u00bbdefault\u00bb global_colors_info=\u00bb{}\u00bb]<\/p>\n<h4><strong><em>Uma alian\u00e7a internacional que combina experi\u00eancia e empenhamento.<\/em><\/strong><\/h4>\n<p>O projeto re\u00fane institui\u00e7\u00f5es cient\u00edficas, universidades e empresas que trabalham em conjunto para maximizar o impacto das nossas ac\u00e7\u00f5es. Cada parceiro traz um conhecimento \u00fanico que nos permite abordar os desafios a partir de m\u00faltiplas perspectivas.<\/p>\n<p>[\/et_pb_text][\/et_pb_column][\/et_pb_row][\/et_pb_section][et_pb_section fb_built=\u00bb1&#8243; _builder_version=\u00bb4.27.2&#8243; _module_preset=\u00bbdefault\u00bb background_image=\u00bbhttps:\/\/tecnomac.site\/wp-content\/uploads\/2024\/12\/Group-1582.png\u00bb background_size=\u00bbcontain\u00bb background_position=\u00bbbottom_center\u00bb custom_padding=\u00bb15px|||||\u00bb global_colors_info=\u00bb{}\u00bb][et_pb_row column_structure=\u00bb1_2,1_2&#8243; _builder_version=\u00bb4.27.2&#8243; _module_preset=\u00bbdefault\u00bb global_colors_info=\u00bb{}\u00bb][et_pb_column type=\u00bb1_2&#8243; _builder_version=\u00bb4.27.2&#8243; _module_preset=\u00bbdefault\u00bb global_colors_info=\u00bb{}\u00bb][et_pb_blurb title=\u00bbUniversidad de La Laguna\u00bb image=\u00bbhttps:\/\/tecnomac.site\/wp-content\/uploads\/2024\/11\/Marca-Universidad-de-La-Laguna_RGB.png\u00bb _builder_version=\u00bb4.27.2&#8243; _module_preset=\u00bbdefault\u00bb background_color=\u00bb#FFFFFF\u00bb custom_padding=\u00bb20px|20px|20px|20px|false|false\u00bb border_radii=\u00bbon|16px|16px|16px|16px\u00bb box_shadow_style=\u00bbpreset1&#8243; global_colors_info=\u00bb{}\u00bb]<\/p>\n<p><span style=\"color: #999999;\">Parceiro principal - l\u00edder do projeto<\/span><\/p>\n<p>Como parceiro principal, a Universidade de La Laguna (localizada em Tenerife, Ilhas Can\u00e1rias) lidera a coordena\u00e7\u00e3o e gest\u00e3o do TecnoMac, apoiada pela sua s\u00f3lida experi\u00eancia em projectos internacionais e pela sua capacidade de investiga\u00e7\u00e3o avan\u00e7ada. A ULL possui o Instituto Universit\u00e1rio de Doen\u00e7as Tropicais e Sa\u00fade P\u00fablica das Ilhas Can\u00e1rias, uma institui\u00e7\u00e3o chave na regi\u00e3o para o desenvolvimento de tecnologia de dete\u00e7\u00e3o de marcadores de qualidade e seguran\u00e7a. Gra\u00e7as \u00e0s suas infra-estruturas de investiga\u00e7\u00e3o e \u00e0 sua hist\u00f3ria de colabora\u00e7\u00e3o com institui\u00e7\u00f5es em \u00c1frica e na Europa, a ULL facilita a transfer\u00eancia de conhecimentos e promove a coopera\u00e7\u00e3o entre entidades de diferentes pa\u00edses. Est\u00e1 equipada com infra-estruturas de investiga\u00e7\u00e3o em \u00e1reas como a biomedicina, a f\u00edsica e a astrof\u00edsica.<\/p>\n<p>[\/et_pb_blurb][\/et_pb_column][et_pb_column type=\u00bb1_2&#8243; _builder_version=\u00bb4.27.2&#8243; _module_preset=\u00bbdefault\u00bb global_colors_info=\u00bb{}\u00bb][et_pb_blurb title=\u00bbAgencia Estatal Consejo Superior de Investigaciones Cient\u00edficas Instituto de Productos Naturales y Agrobiolog\u00eda\u00bb image_icon_background_color=\u00bb#FFFFFF\u00bb image=\u00bbhttps:\/\/tecnomac.site\/wp-content\/uploads\/2024\/11\/cc3a753820e27e40485d1351c1a86c95_logo_simplificado.png\u00bb image_icon_width=\u00bb80%\u00bb _builder_version=\u00bb4.27.2&#8243; _module_preset=\u00bbdefault\u00bb background_color=\u00bb#FFFFFF\u00bb custom_padding=\u00bb20px|20px|20px|20px|false|false\u00bb border_radii=\u00bbon|16px|16px|16px|16px\u00bb border_width_all_image=\u00bb31px\u00bb border_color_all_image=\u00bb#FFFFFF\u00bb box_shadow_style=\u00bbpreset1&#8243; global_colors_info=\u00bb{}\u00bb]<\/p>\n<p><span style=\"color: #999999;\">Parceiro\u00a0<\/span><\/p>\n<p>O IPNA-CSIC contribui para o projeto com a sua experi\u00eancia e especializa\u00e7\u00e3o no dom\u00ednio da investiga\u00e7\u00e3o agroalimentar, centrada na fertilidade dos solos e na nutri\u00e7\u00e3o vegetal, bem como na dete\u00e7\u00e3o de compostos org\u00e2nicos em produtos agro-alimentares. Os seus laborat\u00f3rios e equipamentos anal\u00edticos de \u00faltima gera\u00e7\u00e3o permitem a realiza\u00e7\u00e3o de an\u00e1lises rigorosas de qualidade e seguran\u00e7a, garantindo que os m\u00e9todos desenvolvidos s\u00e3o eficazes e aplic\u00e1veis a qualquer n\u00edvel. A sua experi\u00eancia em transfer\u00eancia de tecnologia e divulga\u00e7\u00e3o cient\u00edfica, tanto em ambientes acad\u00e9micos como para o p\u00fablico em geral, contribui para consolidar os objectivos do projeto.<\/p>\n<p>[\/et_pb_blurb][\/et_pb_column][\/et_pb_row][et_pb_row column_structure=\u00bb1_2,1_2&#8243; _builder_version=\u00bb4.27.2&#8243; _module_preset=\u00bbdefault\u00bb global_colors_info=\u00bb{}\u00bb][et_pb_column type=\u00bb1_2&#8243; _builder_version=\u00bb4.27.2&#8243; _module_preset=\u00bbdefault\u00bb global_colors_info=\u00bb{}\u00bb][et_pb_blurb title=\u00bbFundaci\u00f3n General Universidad de La Laguna\u00bb image=\u00bbhttps:\/\/tecnomac.site\/wp-content\/uploads\/2024\/12\/FGULL_COLOR.png\u00bb _builder_version=\u00bb4.27.2&#8243; _module_preset=\u00bbdefault\u00bb background_color=\u00bb#FFFFFF\u00bb custom_padding=\u00bb20px|20px|20px|20px|false|false\u00bb border_radii=\u00bbon|16px|16px|16px|16px\u00bb border_width_all_image=\u00bb63px\u00bb border_color_all_image=\u00bb#FFFFFF\u00bb box_shadow_style=\u00bbpreset1&#8243; global_colors_info=\u00bb{}\u00bb]<\/p>\n<p><span style=\"color: #999999;\">Parceiro\u00a0<\/span><\/p>\n<p>Como entidade chave do projeto, a Fundaci\u00f3n General Universidad de La Laguna (FGULL) traz a sua experi\u00eancia na gest\u00e3o de projectos e transfer\u00eancia de tecnologia, desempenhando um papel fundamental na liga\u00e7\u00e3o entre a academia e o tecido empresarial e social.<\/p>\n<p>Com a sua capacidade de articular redes entre institui\u00e7\u00f5es acad\u00e9micas, empresas e administra\u00e7\u00e3o p\u00fablica, a FGULL apoia a implementa\u00e7\u00e3o dos resultados do TecnoMac e facilita a dissemina\u00e7\u00e3o dos resultados do projeto atrav\u00e9s de estrat\u00e9gias eficazes de comunica\u00e7\u00e3o e transfer\u00eancia de conhecimento, contribuindo para o impacto sustent\u00e1vel e a longo prazo do TecnoMac.<\/p>\n<p>[\/et_pb_blurb][\/et_pb_column][et_pb_column type=\u00bb1_2&#8243; _builder_version=\u00bb4.27.2&#8243; _module_preset=\u00bbdefault\u00bb global_colors_info=\u00bb{}\u00bb][et_pb_blurb title=\u00bbLaboratorio Finca Espa\u00f1a S.L.\u00bb image=\u00bbhttps:\/\/tecnomac.site\/wp-content\/uploads\/2024\/11\/Laboratorio-Valladares.png\u00bb image_icon_width=\u00bb87%\u00bb _builder_version=\u00bb4.27.2&#8243; _module_preset=\u00bbdefault\u00bb background_color=\u00bb#FFFFFF\u00bb custom_padding=\u00bb20px|20px|20px|20px|false|false\u00bb border_radii=\u00bbon|16px|16px|16px|16px\u00bb border_width_all_image=\u00bb33px\u00bb border_color_all_image=\u00bb#FFFFFF\u00bb box_shadow_style=\u00bbpreset1&#8243; global_colors_info=\u00bb{}\u00bb]<\/p>\n<p><span style=\"color: #999999;\">Parceiro<\/span><\/p>\n<p>Situado em Tenerife, este laborat\u00f3rio conta com mais de 25 anos de experi\u00eancia em an\u00e1lises cl\u00ednicas e veterin\u00e1rias, bem como com infra-estruturas avan\u00e7adas para o diagn\u00f3stico molecular. O Laboratorio Finca Espa\u00f1a participa na conce\u00e7\u00e3o e teste de t\u00e9cnicas para a dete\u00e7\u00e3o de agentes patog\u00e9nicos emergentes em ambientes veterin\u00e1rios e agro-alimentares, garantindo que as tecnologias desenvolvidas s\u00e3o aplic\u00e1veis na regi\u00e3o e cumprem os padr\u00f5es de qualidade exigidos. A sua participa\u00e7\u00e3o refor\u00e7a a capacidade do projeto para responder \u00e0s necessidades de biosseguran\u00e7a e controlo de qualidade nas Ilhas Can\u00e1rias e para envolver entidades privadas de modo a obter resultados que possam ser utilizados a diferentes n\u00edveis para al\u00e9m da investiga\u00e7\u00e3o.<\/p>\n<p>[\/et_pb_blurb][\/et_pb_column][\/et_pb_row][et_pb_row column_structure=\u00bb1_2,1_2&#8243; _builder_version=\u00bb4.27.2&#8243; _module_preset=\u00bbdefault\u00bb global_colors_info=\u00bb{}\u00bb][et_pb_column type=\u00bb1_2&#8243; _builder_version=\u00bb4.27.2&#8243; _module_preset=\u00bbdefault\u00bb global_colors_info=\u00bb{}\u00bb][et_pb_blurb title=\u00bbUniversidad de Cabo Verde\u00bb image=\u00bbhttps:\/\/tecnomac.site\/wp-content\/uploads\/2025\/02\/logotipo_unicv_final-01.png\u00bb image_icon_width=\u00bb72%\u00bb _builder_version=\u00bb4.27.2&#8243; _module_preset=\u00bbdefault\u00bb background_color=\u00bb#FFFFFF\u00bb custom_padding=\u00bb20px|20px|20px|20px|false|false\u00bb border_radii=\u00bbon|16px|16px|16px|16px\u00bb border_width_all_image=\u00bb40px\u00bb border_color_all_image=\u00bb#FFFFFF\u00bb box_shadow_style=\u00bbpreset1&#8243; global_colors_info=\u00bb{}\u00bb]<\/p>\n<p><span style=\"color: #999999;\">Parceiro\u00a0<\/span><\/p>\n<p>Como principal centro de ensino superior em Cabo Verde, a UniCV desempenha um papel fundamental na forma\u00e7\u00e3o de profissionais e no desenvolvimento de tecnologia local. Com uma crescente infraestrutura de ensino e investiga\u00e7\u00e3o, a UniCV traz a sua rede de contactos locais e a sua capacidade de adaptar as tecnologias desenvolvidas no projeto \u00e0s necessidades de Cabo Verde. A UniCV ir\u00e1 colaborar na forma\u00e7\u00e3o de t\u00e9cnicos locais, refor\u00e7ando assim as capacidades da regi\u00e3o em tecnologias de seguran\u00e7a e qualidade nos sectores agroalimentar e da sa\u00fade.<\/p>\n<p>[\/et_pb_blurb][\/et_pb_column][et_pb_column type=\u00bb1_2&#8243; _builder_version=\u00bb4.27.2&#8243; _module_preset=\u00bbdefault\u00bb global_colors_info=\u00bb{}\u00bb][et_pb_blurb title=\u00bbInstituto Superior de Ciencias de la Salud V\u00edctor S\u00e1 Machado\u00bb image=\u00bbhttps:\/\/tecnomac.site\/wp-content\/uploads\/2024\/11\/ISCSVSM.jpg\u00bb _builder_version=\u00bb4.27.2&#8243; _module_preset=\u00bbdefault\u00bb background_color=\u00bb#FFFFFF\u00bb custom_padding=\u00bb20px|20px|20px|20px|false|false\u00bb border_radii=\u00bbon|16px|16px|16px|16px\u00bb box_shadow_style=\u00bbpreset1&#8243; global_colors_info=\u00bb{}\u00bb body_font_size__hover_enabled=\u00bbon|desktop\u00bb body_font_size__hover=\u00bb15px\u00bb]<\/p>\n<p><span style=\"color: #999999;\">Parceiro\u00a0<\/span><\/p>\n<p>Sediado em S\u00e3o Tom\u00e9 e Pr\u00edncipe, o Instituto Superior de Ci\u00eancias da Sa\u00fade \u00e9 uma institui\u00e7\u00e3o chave na regi\u00e3o para a forma\u00e7\u00e3o de pessoal de sa\u00fade e investiga\u00e7\u00e3o em sa\u00fade p\u00fablica. A sua contribui\u00e7\u00e3o centra-se na adapta\u00e7\u00e3o e aplica\u00e7\u00e3o de metodologias de dete\u00e7\u00e3o de agentes patog\u00e9nicos e marcadores de qualidade no contexto da sa\u00fade, refor\u00e7ando o controlo e a preven\u00e7\u00e3o de doen\u00e7as a n\u00edvel local. Al\u00e9m disso, o ISCSVSM traz a sua infraestrutura acad\u00e9mica e a sua liga\u00e7\u00e3o com as redes de sa\u00fade e de investiga\u00e7\u00e3o, que s\u00e3o fundamentais para o impacto do projeto no dom\u00ednio da sa\u00fade p\u00fablica.<\/p>\n<p>[\/et_pb_blurb][\/et_pb_column][\/et_pb_row][et_pb_row custom_padding_last_edited=\u00bbon|phone\u00bb _builder_version=\u00bb4.27.2&#8243; _module_preset=\u00bbdefault\u00bb width=\u00bb30%\u00bb width_tablet=\u00bb30%\u00bb width_phone=\u00bb80%\u00bb width_last_edited=\u00bbon|phone\u00bb custom_margin_tablet=\u00bb\u00bb custom_margin_phone=\u00bb\u00bb custom_margin_last_edited=\u00bbon|phone\u00bb custom_padding_tablet=\u00bb\u00bb custom_padding_phone=\u00bb\u00bb global_colors_info=\u00bb{}\u00bb][et_pb_column type=\u00bb4_4&#8243; _builder_version=\u00bb4.27.2&#8243; _module_preset=\u00bbdefault\u00bb global_colors_info=\u00bb{}\u00bb][et_pb_blurb title=\u00bbTecnicil Ind\u00fastria \u00bb image=\u00bbhttps:\/\/tecnomac.site\/wp-content\/uploads\/2024\/11\/tec-Logo-si.png\u00bb image_icon_width=\u00bb72%\u00bb content_max_width_tablet=\u00bb\u00bb content_max_width_phone=\u00bb\u00bb content_max_width_last_edited=\u00bbon|desktop\u00bb _builder_version=\u00bb4.27.2&#8243; _module_preset=\u00bbdefault\u00bb background_color=\u00bb#FFFFFF\u00bb custom_padding=\u00bb20px|20px|20px|20px|false|false\u00bb border_radii=\u00bbon|16px|16px|16px|16px\u00bb border_width_all_image=\u00bb41px\u00bb border_color_all_image=\u00bb#FFFFFF\u00bb box_shadow_style=\u00bbpreset1&#8243; global_colors_info=\u00bb{}\u00bb]<\/p>\n<p><span style=\"color: #999999;\">Parceiro<\/span><\/p>\n<p>A Tecnicil Ind\u00fastria, empresa cabo-verdiana dedicada \u00e0 produ\u00e7\u00e3o de \u00e1gua engarrafada, refrigerantes e sumos, traz uma perspetiva empresarial e pr\u00e1tica ao projeto. A sua experi\u00eancia em controlo de qualidade e seguran\u00e7a na produ\u00e7\u00e3o alimentar, bem como as suas instala\u00e7\u00f5es laboratoriais para an\u00e1lises microbiol\u00f3gicas e f\u00edsico-qu\u00edmicas, permitem a valida\u00e7\u00e3o das tecnologias de dete\u00e7\u00e3o de contaminantes e agentes patog\u00e9nicos desenvolvidas no projeto. A Tecnicil representa o foco na transfer\u00eancia para o sector privado e demonstrar\u00e1 o impacto direto das inova\u00e7\u00f5es do projeto na ind\u00fastria local.<\/p>\n<p>[\/et_pb_blurb][\/et_pb_column][\/et_pb_row][\/et_pb_section][et_pb_section fb_built=\u00bb1&#8243; _builder_version=\u00bb4.27.2&#8243; _module_preset=\u00bbdefault\u00bb background_color=\u00bb#000c26&#8243; global_module=\u00bb195&#8243; saved_tabs=\u00bball\u00bb global_colors_info=\u00bb{}\u00bb][et_pb_row column_structure=\u00bb1_2,1_2&#8243; _builder_version=\u00bb4.27.2&#8243; _module_preset=\u00bbdefault\u00bb max_width=\u00bb2560px\u00bb global_colors_info=\u00bb{}\u00bb][et_pb_column type=\u00bb1_2&#8243; _builder_version=\u00bb4.27.2&#8243; _module_preset=\u00bbdefault\u00bb global_colors_info=\u00bb{}\u00bb][et_pb_image src=\u00bbhttps:\/\/tecnomac.site\/wp-content\/uploads\/2024\/12\/Logo-Secundario-Blanco.png\u00bb title_text=\u00bbLogo Secundario Blanco\u00bb _builder_version=\u00bb4.27.2&#8243; _module_preset=\u00bbdefault\u00bb width=\u00bb27%\u00bb global_colors_info=\u00bb{}\u00bb][\/et_pb_image][\/et_pb_column][et_pb_column type=\u00bb1_2&#8243; _builder_version=\u00bb4.27.2&#8243; _module_preset=\u00bbdefault\u00bb global_colors_info=\u00bb{}\u00bb][et_pb_text _builder_version=\u00bb4.27.2&#8243; _module_preset=\u00bbdefault\u00bb text_text_color=\u00bb#FFFFFF\u00bb text_orientation=\u00bbright\u00bb custom_margin=\u00bb||18px|||\u00bb global_colors_info=\u00bb{}\u00bb]<\/p>\n<p><a href=\"https:\/\/tecnomac.site\/pt\/proyecto\/\"><span style=\"color: #ffffff;\">NOT\u00cdCIAS\u00a0 \u00a0<\/span><\/a><span style=\"color: #ffffff;\">|\u00a0 \u00a0<a href=\"https:\/\/tecnomac.site\/pt\/noticias\/\" style=\"color: #ffffff;\">NOT\u00cdCIAS<\/a>\u00a0 \u00a0|\u00a0 \u00a0<a href=\"https:\/\/tecnomac.site\/pt\/socios\/\" style=\"color: #ffffff;\">PARCEIROS<\/a><\/span><\/p>\n<p>[\/et_pb_text][et_pb_social_media_follow icon_color=\u00bb#FFFFFF\u00bb _builder_version=\u00bb4.27.2&#8243; _module_preset=\u00bbdefault\u00bb text_orientation=\u00bbright\u00bb custom_margin=\u00bb||17px|||\u00bb global_colors_info=\u00bb{}\u00bb][et_pb_social_media_follow_network social_network=\u00bblinkedin\u00bb url=\u00bbhttps:\/\/www.linkedin.com\/company\/106152289\/\u00bb _builder_version=\u00bb4.27.2&#8243; _module_preset=\u00bbdefault\u00bb background_color=\u00bbRGBA(255,255,255,0)\u00bb background_enable_color=\u00bbon\u00bb global_colors_info=\u00bb{}\u00bb follow_button=\u00bboff\u00bb url_new_window=\u00bbon\u00bb]linkedin[\/et_pb_social_media_follow_network][et_pb_social_media_follow_network social_network=\u00bbtwitter\u00bb url=\u00bbhttps:\/\/x.com\/Tecno_Mac\u00bb _builder_version=\u00bb4.27.2&#8243; _module_preset=\u00bbdefault\u00bb background_enable_color=\u00bboff\u00bb global_colors_info=\u00bb{}\u00bb follow_button=\u00bboff\u00bb url_new_window=\u00bbon\u00bb]X[\/et_pb_social_media_follow_network][\/et_pb_social_media_follow][et_pb_text _builder_version=\u00bb4.27.2&#8243; _module_preset=\u00bbdefault\u00bb text_text_color=\u00bb#FFFFFF\u00bb text_orientation=\u00bbright\u00bb custom_margin=\u00bb-2px||18px|||\u00bb global_colors_info=\u00bb{}\u00bb]<\/p>\n<p><span style=\"color: #ffffff;\"><a href=\"https:\/\/tecnomac.site\/pt\/privacy-policy\/\" style=\"color: #ffffff;\">POL\u00cdTICA DE PRIVACIDADE<\/a>\u00a0 \u00a0|\u00a0 \u00a0<a href=\"https:\/\/tecnomac.site\/pt\/politica-de-cookies-ue\/\" style=\"color: #ffffff;\">POL\u00cdTICA DE COOKIES<\/a><\/span><\/p>\n<p>[\/et_pb_text][\/et_pb_column][\/et_pb_row][\/et_pb_section]<\/p>","protected":false},"excerpt":{"rendered":"<p>Una alianza internacional que combina experiencia y compromiso. El proyecto re\u00fane a instituciones cient\u00edficas, universitarias y empresas que trabajan en conjunto para maximizar el impacto de nuestras acciones. Cada socio aporta un conocimiento \u00fanico que nos permite abordar los desaf\u00edos desde m\u00faltiples perspectivas.Socio principal &#8211; L\u00edder del proyecto Como socio principal, la Universidad de La [&hellip;]<\/p>","protected":false},"author":2,"featured_media":0,"parent":0,"menu_order":0,"comment_status":"closed","ping_status":"closed","template":"","meta":{"_et_pb_use_builder":"on","_et_pb_old_content":"","_et_gb_content_width":"","_themeisle_gutenberg_block_has_review":false,"footnotes":""},"class_list":["post-62","page","type-page","status-publish","hentry"],"_links":{"self":[{"href":"https:\/\/tecnomac.site\/pt\/wp-json\/wp\/v2\/pages\/62","targetHints":{"allow":["GET"]}}],"collection":[{"href":"https:\/\/tecnomac.site\/pt\/wp-json\/wp\/v2\/pages"}],"about":[{"href":"https:\/\/tecnomac.site\/pt\/wp-json\/wp\/v2\/types\/page"}],"author":[{"embeddable":true,"href":"https:\/\/tecnomac.site\/pt\/wp-json\/wp\/v2\/users\/2"}],"replies":[{"embeddable":true,"href":"https:\/\/tecnomac.site\/pt\/wp-json\/wp\/v2\/comments?post=62"}],"version-history":[{"count":27,"href":"https:\/\/tecnomac.site\/pt\/wp-json\/wp\/v2\/pages\/62\/revisions"}],"predecessor-version":[{"id":471,"href":"https:\/\/tecnomac.site\/pt\/wp-json\/wp\/v2\/pages\/62\/revisions\/471"}],"wp:attachment":[{"href":"https:\/\/tecnomac.site\/pt\/wp-json\/wp\/v2\/media?parent=62"}],"curies":[{"name":"wp","href":"https:\/\/api.w.org\/{rel}","templated":true}]}}